{"id":15769,"date":"2019-11-28T12:15:57","date_gmt":"2019-11-28T15:15:57","guid":{"rendered":"http:\/\/compania-arrate.com.ar\/nueva\/?page_id=15769"},"modified":"2023-12-15T18:40:10","modified_gmt":"2023-12-15T21:40:10","slug":"seguro","status":"publish","type":"page","link":"http:\/\/compania-arrate.com.ar\/nueva\/seguro\/","title":{"rendered":"SEGUROS"},"content":{"rendered":"<p>[vc_row css_animation=&#8221;&#8221; row_type=&#8221;row&#8221; use_row_as_full_screen_section=&#8221;no&#8221; type=&#8221;full_width&#8221; angled_section=&#8221;no&#8221; text_align=&#8221;left&#8221; background_image_as_pattern=&#8221;without_pattern&#8221; z_index=&#8221;&#8221;][vc_column][vc_empty_space height=&#8221;100px&#8221;][\/vc_column][\/vc_row][vc_row css_animation=&#8221;&#8221; row_type=&#8221;row&#8221; use_row_as_full_screen_section=&#8221;no&#8221; type=&#8221;grid&#8221; angled_section=&#8221;no&#8221; text_align=&#8221;left&#8221; background_image_as_pattern=&#8221;without_pattern&#8221; z_index=&#8221;&#8221;][vc_column width=&#8221;1\/3&#8243;][vc_column_text css=&#8221;.vc_custom_1702676386600{padding-top: 10px !important;padding-right: 20px !important;padding-bottom: 10px !important;padding-left: 20px !important;background-color: #000000 !important;border-radius: 4px !important;}&#8221;]<\/p>\n<h5 style=\"text-align: center;\"><span style=\"color: #ffffff;\">CONTACTO<\/span><\/h5>\n<p>[\/vc_column_text][vc_empty_space height=&#8221;14px&#8221;]<div class='q_icon_with_title tiny normal_icon left_from_title '><div class=\"icon_text_holder\" style=\"\"><div class=\"icon_text_inner\" style=\"\"><div class=\"icon_title_holder\"><div class=\"icon_holder \" style=\" \"><span data-icon-type=\"normal\"   style=\"\" class=\"qode_iwt_icon_holder q_font_awsome_icon fa-lg  \"><i class=\"qode_icon_font_awesome fa fa-phone qode_iwt_icon_element\" style=\"\" ><\/i><\/span><\/div><h5 class=\"icon_title\" style=\"\">(02262) 15 565 206<\/h5><\/div><p style=''><\/p><\/div><\/div><\/div><div class='q_icon_with_title tiny normal_icon left_from_title '><div class=\"icon_text_holder\" style=\"\"><div class=\"icon_text_inner\" style=\"\"><div class=\"icon_title_holder\"><div class=\"icon_holder \" style=\" \"><span data-icon-type=\"normal\"   style=\"\" class=\"qode_iwt_icon_holder q_font_awsome_icon fa-lg  \"><i class=\"qode_icon_font_awesome fa fa-envelope qode_iwt_icon_element\" style=\"\" ><\/i><\/span><\/div><h5 class=\"icon_title\" style=\"\">seguros@compania-arrate.com.ar<\/h5><\/div><p style=''><\/p><\/div><\/div><\/div>[\/vc_column][vc_column width=&#8221;1\/3&#8243;][vc_column_text css=&#8221;.vc_custom_1702676396416{padding-top: 10px !important;padding-right: 20px !important;padding-bottom: 10px !important;padding-left: 20px !important;background-color: #000000 !important;border-radius: 4px !important;}&#8221;]<\/p>\n<h5 style=\"text-align: center;\"><span style=\"color: #ffffff;\">SEGUROS<\/span><\/h5>\n<p>[\/vc_column_text][vc_empty_space height=&#8221;14px&#8221;][vc_column_text]<\/p>\n<p class=\"m_1172801863689850460MsoListParagraph\" style=\"text-align: justify;\"><span lang=\"ES-AR\">Siguiendo con nuestra misi\u00f3n de ser socios estrat\u00e9gicos, hemos incorporado esta divisi\u00f3n para proteger a nuestros clientes, brind\u00e1ndoles garant\u00eda de seguridad. <u><\/u><u><\/u><\/span><\/p>\n<p class=\"m_1172801863689850460MsoListParagraph\" style=\"text-align: justify;\"><span lang=\"ES-AR\"><strong>Ofrecemos seguros de:<\/strong><u><\/u><u><\/u><\/span><\/p>\n<ul>\n<li>Automotores<\/li>\n<li>Motos<\/li>\n<li>Hogar<\/li>\n<li>Accidentes personales<\/li>\n<li>Vida<\/li>\n<\/ul>\n<h4 style=\"text-align: justify;\">JOS\u00c9 LUIS ARRATE<\/h4>\n<h4 style=\"text-align: justify;\">PRODUCTOR DE SEGUROS<\/h4>\n<h4 style=\"text-align: justify;\">MATRICULA: 96572<\/h4>\n<p>[\/vc_column_text][vc_single_image image=&#8221;16029&#8243; img_size=&#8221;medium&#8221; qode_css_animation=&#8221;&#8221;][vc_empty_space height=&#8221;14px&#8221;][vc_column_text]<\/p>\n<p style=\"text-align: center;\"><strong>\u00bfQueres recibir asesoramiento?<\/strong><\/p>\n<p style=\"text-align: center;\">Informate sobre los diferentes planes y eleg\u00ed el que m\u00e1s se adapte a tus necesidades.<\/p>\n<p>[\/vc_column_text][\/vc_column][vc_column width=&#8221;1\/3&#8243;][vc_column_text css=&#8221;.vc_custom_1702676408182{padding-top: 10px !important;padding-right: 20px !important;padding-bottom: 10px !important;padding-left: 20px !important;background-color: #000000 !important;border-radius: 4px !important;}&#8221;]<\/p>\n<h5 style=\"text-align: center;\"><span style=\"color: #ffffff;\">VIDEO\/PROMOCION<\/span><\/h5>\n<p>[\/vc_column_text][vc_empty_space height=&#8221;14px&#8221;][vc_single_image image=&#8221;16018&#8243; img_size=&#8221;full&#8221; qode_css_animation=&#8221;&#8221;][vc_empty_space][vc_single_image image=&#8221;16040&#8243; img_size=&#8221;medium&#8221; qode_css_animation=&#8221;&#8221;][\/vc_column][\/vc_row][vc_row css_animation=&#8221;&#8221; row_type=&#8221;row&#8221; use_row_as_full_screen_section=&#8221;no&#8221; type=&#8221;grid&#8221; angled_section=&#8221;no&#8221; text_align=&#8221;center&#8221; background_image_as_pattern=&#8221;without_pattern&#8221; z_index=&#8221;&#8221;][vc_column][vc_empty_space][vc_empty_space][\/vc_column][\/vc_row]<\/p>\n","protected":false},"excerpt":{"rendered":"<p>[vc_row css_animation=&#8221;&#8221; row_type=&#8221;row&#8221; use_row_as_full_screen_section=&#8221;no&#8221; type=&#8221;full_width&#8221; angled_section=&#8221;no&#8221; text_align=&#8221;left&#8221; background_image_as_pattern=&#8221;without_pattern&#8221; z_index=&#8221;&#8221;][vc_column][vc_empty_space height=&#8221;100px&#8221;][\/vc_column][\/vc_row][vc_row css_animation=&#8221;&#8221; row_type=&#8221;row&#8221; use_row_as_full_screen_section=&#8221;no&#8221; type=&#8221;grid&#8221; angled_section=&#8221;no&#8221; text_align=&#8221;left&#8221; background_image_as_pattern=&#8221;without_pattern&#8221; z_index=&#8221;&#8221;][vc_column width=&#8221;1\/3&#8243;][vc_column_text css=&#8221;.vc_custom_1702676386600{padding-top: 10px !important;padding-right: 20px !important;padding-bottom: 10px !important;padding-left: 20px !important;background-color: #000000 !important;border-radius: 4px !important;}&#8221;] CONTACTO [\/vc_column_text][vc_empty_space height=&#8221;14px&#8221;][\/vc_column][vc_column width=&#8221;1\/3&#8243;][vc_column_text css=&#8221;.vc_custom_1702676396416{padding-top: 10px !important;padding-right: 20px !important;padding-bottom: 10px !important;padding-left: 20px !important;background-color:&#8230;<\/p>\n","protected":false},"author":1,"featured_media":0,"parent":0,"menu_order":0,"comment_status":"closed","ping_status":"closed","template":"full_width.php","meta":[],"_links":{"self":[{"href":"http:\/\/compania-arrate.com.ar\/nueva\/wp-json\/wp\/v2\/pages\/15769"}],"collection":[{"href":"http:\/\/compania-arrate.com.ar\/nueva\/wp-json\/wp\/v2\/pages"}],"about":[{"href":"http:\/\/compania-arrate.com.ar\/nueva\/wp-json\/wp\/v2\/types\/page"}],"author":[{"embeddable":true,"href":"http:\/\/compania-arrate.com.ar\/nueva\/wp-json\/wp\/v2\/users\/1"}],"replies":[{"embeddable":true,"href":"http:\/\/compania-arrate.com.ar\/nueva\/wp-json\/wp\/v2\/comments?post=15769"}],"version-history":[{"count":56,"href":"http:\/\/compania-arrate.com.ar\/nueva\/wp-json\/wp\/v2\/pages\/15769\/revisions"}],"predecessor-version":[{"id":18656,"href":"http:\/\/compania-arrate.com.ar\/nueva\/wp-json\/wp\/v2\/pages\/15769\/revisions\/18656"}],"wp:attachment":[{"href":"http:\/\/compania-arrate.com.ar\/nueva\/wp-json\/wp\/v2\/media?parent=15769"}],"curies":[{"name":"wp","href":"https:\/\/api.w.org\/{rel}","templated":true}]}}