{"id":197,"date":"2015-04-23T13:41:34","date_gmt":"2015-04-23T13:41:34","guid":{"rendered":"http:\/\/compania-arrate.com\/arrate\/?page_id=197"},"modified":"2023-12-18T09:39:40","modified_gmt":"2023-12-18T12:39:40","slug":"compania","status":"publish","type":"page","link":"http:\/\/compania-arrate.com.ar\/nueva\/compania\/","title":{"rendered":"Compa\u00f1\u00eda"},"content":{"rendered":"<p>[vc_row css_animation=&#8221;&#8221; row_type=&#8221;row&#8221; use_row_as_full_screen_section=&#8221;no&#8221; type=&#8221;full_width&#8221; angled_section=&#8221;no&#8221; text_align=&#8221;left&#8221; background_image_as_pattern=&#8221;without_pattern&#8221; z_index=&#8221;&#8221;][vc_column][vc_empty_space height=&#8221;34px&#8221;][\/vc_column][\/vc_row][vc_row css_animation=&#8221;&#8221; row_type=&#8221;row&#8221; use_row_as_full_screen_section=&#8221;no&#8221; type=&#8221;grid&#8221; angled_section=&#8221;no&#8221; text_align=&#8221;left&#8221; background_image_as_pattern=&#8221;without_pattern&#8221; z_index=&#8221;&#8221;][vc_column][vc_column_text css=&#8221;.vc_custom_1702903153761{padding-top: 50px !important;padding-right: 25px !important;padding-bottom: 50px !important;padding-left: 25px !important;background-color: #000000 !important;border-radius: 10px !important;}&#8221;]<\/p>\n<p class=\"s3\" style=\"text-align: center;\"><span style=\"color: #ffffff;\"><span class=\"s2\">En <\/span><span class=\"s2\">Compa\u00f1\u00eda Arrate<\/span><span class=\"s2\"> te<\/span><span class=\"s2\"> ofrecemos diversidad de productos, tanto para<\/span><span class=\"s2\"> fines productivos como tambi\u00e9n, para <\/span><span class=\"s2\">consumo masivo, partiendo de nuestro mayor v\u00ednculo con rubros de energ\u00eda y todo tipo de transportes.<\/span><\/span><\/p>\n<p class=\"s4\" style=\"text-align: center;\"><span style=\"color: #ffffff;\"><span class=\"s2\">TU MUNDO, son todos tus deseos, anhelos, metas, objetivos, necesidades. <\/span><span class=\"s2\">Compa\u00f1\u00eda <\/span><span class=\"s2\">A<\/span><span class=\"s2\">rrate<\/span><span class=\"s2\"> te hace posible alcanzarlos, a trav\u00e9s de su flexibilidad. Nuestra propuesta de valor es la ADAPTABILIDAD al entorno para transformar las condiciones comerciales r\u00edgidas en el\u00e1sticas.<\/span><\/span><\/p>\n<p class=\"s4\" style=\"text-align: center;\"><span style=\"color: #ffffff;\"><span class=\"s2\">Por eso, en COMPA\u00d1\u00cdA ARRATE<\/span> <span class=\"s5\">\u201c<strong>NOS ADAPTAMOS A TU MUNDO<\/strong>\u201d<\/span><\/span><\/p>\n<p>[\/vc_column_text][\/vc_column][\/vc_row][vc_row css_animation=&#8221;&#8221; row_type=&#8221;row&#8221; use_row_as_full_screen_section=&#8221;no&#8221; type=&#8221;full_width&#8221; angled_section=&#8221;no&#8221; text_align=&#8221;left&#8221; background_image_as_pattern=&#8221;without_pattern&#8221; z_index=&#8221;&#8221;][vc_column][vc_empty_space height=&#8221;34px&#8221;][\/vc_column][\/vc_row][vc_row css_animation=&#8221;&#8221; row_type=&#8221;row&#8221; use_row_as_full_screen_section=&#8221;no&#8221; type=&#8221;grid&#8221; angled_section=&#8221;no&#8221; text_align=&#8221;left&#8221; background_image_as_pattern=&#8221;without_pattern&#8221; z_index=&#8221;&#8221;][vc_column width=&#8221;1\/3&#8243;][vc_column_text css=&#8221;.vc_custom_1702902654388{padding-top: 10px !important;padding-right: 20px !important;padding-bottom: 10px !important;padding-left: 20px !important;background-color: #000000 !important;}&#8221;]<\/p>\n<h3 style=\"text-align: center;\"><span style=\"color: #ffffff;\">MISION<\/span><\/h3>\n<p>[\/vc_column_text][vc_empty_space height=&#8221;14px&#8221;][vc_column_text]<\/p>\n<p style=\"text-align: justify;\">Brindar a nuestros clientes soluciones integrales, siendo un aliado de confianza en cuanto al cliente final y un socio estrat\u00e9gico en cuanto a clientes\/empresas, siempre representando marcas y productos de calidad, certificando respuesta y seriedad, dentro de un abanico de variedades y posibilidades.<\/p>\n<p>[\/vc_column_text][\/vc_column][vc_column width=&#8221;1\/3&#8243;][vc_column_text css=&#8221;.vc_custom_1702902658417{padding-top: 10px !important;padding-right: 20px !important;padding-bottom: 10px !important;padding-left: 20px !important;background-color: #000000 !important;}&#8221;]<\/p>\n<h3 style=\"text-align: center;\"><span style=\"color: #ffffff;\">VISION<\/span><\/h3>\n<p>[\/vc_column_text][vc_empty_space height=&#8221;14px&#8221;][vc_column_text]<\/p>\n<p style=\"text-align: justify;\"><span class=\"s8\">Seguir siendo la empresa referente para los clientes que necesitan un apoyo profesional, logr\u00e1ndolo con las m\u00e1s modernas t\u00e9cnicas de gesti\u00f3n y trabajo en equipo, sin perder el foco en la proactividad y <\/span><span class=\"s8\">emprendedurismo<\/span><span class=\"s8\">, siempre a la vanguardia de las novedades, motivando y transmitiendo el profesionalismo a cada uno de los integrantes de la organizaci\u00f3n, siendo \u00e9sta nuestra mayor ventaja competitiva.<\/span><\/p>\n<p>[\/vc_column_text][\/vc_column][vc_column width=&#8221;1\/3&#8243;][vc_column_text css=&#8221;.vc_custom_1702902664577{padding-top: 10px !important;padding-right: 20px !important;padding-bottom: 10px !important;padding-left: 20px !important;background-color: #000000 !important;}&#8221;]<\/p>\n<h3 style=\"text-align: center;\"><span style=\"color: #ffffff;\">VALORES<\/span><\/h3>\n<p>[\/vc_column_text][vc_empty_space height=&#8221;14px&#8221;][vc_column_text]<\/p>\n<p class=\"s12\" style=\"text-align: justify;\"><span class=\"s2\">LOS PILARES SON:<\/span><\/p>\n<div class=\"s15\" style=\"text-align: justify;\"><strong><span class=\"s13\">\u2022 <\/span><span class=\"s14\">Respeto<\/span><span class=\"s14\">, <\/span><span class=\"s14\">cordialidad<\/span><span class=\"s14\"> y <\/span><span class=\"s14\">buenas<\/span> <span class=\"s14\">formas<\/span><\/strong><\/div>\n<div class=\"s15\" style=\"text-align: justify;\"><strong><span class=\"s13\">\u2022 <\/span><span class=\"s14\">Cooperaci\u00f3n<\/span><span class=\"s14\">, <\/span><span class=\"s14\">compa\u00f1erismo<\/span><\/strong><\/div>\n<div class=\"s15\" style=\"text-align: justify;\"><strong><span class=\"s13\">\u2022 <\/span><span class=\"s14\">Profesionalismo<\/span><\/strong><\/div>\n<div class=\"s15\" style=\"text-align: justify;\"><strong><span class=\"s13\">\u2022 <\/span><span class=\"s14\">Transparencia<\/span><\/strong><\/div>\n<div class=\"s15\" style=\"text-align: justify;\"><strong><span class=\"s13\">\u2022 <\/span><span class=\"s14\">Proactividad<\/span><span class=\"s14\">, <\/span><span class=\"s14\">Emprendedurismo<\/span><\/strong><\/div>\n<p>[\/vc_column_text][\/vc_column][\/vc_row][vc_row css_animation=&#8221;&#8221; row_type=&#8221;row&#8221; use_row_as_full_screen_section=&#8221;no&#8221; type=&#8221;full_width&#8221; angled_section=&#8221;no&#8221; text_align=&#8221;left&#8221; background_image_as_pattern=&#8221;without_pattern&#8221; z_index=&#8221;&#8221;][vc_column][vc_empty_space height=&#8221;60px&#8221;][\/vc_column][\/vc_row]<\/p>\n","protected":false},"excerpt":{"rendered":"<p>[vc_row css_animation=&#8221;&#8221; row_type=&#8221;row&#8221; use_row_as_full_screen_section=&#8221;no&#8221; type=&#8221;full_width&#8221; angled_section=&#8221;no&#8221; text_align=&#8221;left&#8221; background_image_as_pattern=&#8221;without_pattern&#8221; z_index=&#8221;&#8221;][vc_column][vc_empty_space height=&#8221;34px&#8221;][\/vc_column][\/vc_row][vc_row css_animation=&#8221;&#8221; row_type=&#8221;row&#8221; use_row_as_full_screen_section=&#8221;no&#8221; type=&#8221;grid&#8221; angled_section=&#8221;no&#8221; text_align=&#8221;left&#8221; background_image_as_pattern=&#8221;without_pattern&#8221; z_index=&#8221;&#8221;][vc_column][vc_column_text css=&#8221;.vc_custom_1702903153761{padding-top: 50px !important;padding-right: 25px !important;padding-bottom: 50px !important;padding-left: 25px !important;background-color: #000000 !important;border-radius: 10px !important;}&#8221;] En Compa\u00f1\u00eda Arrate te ofrecemos diversidad de productos, tanto para fines productivos como tambi\u00e9n,&#8230;<\/p>\n","protected":false},"author":1,"featured_media":0,"parent":0,"menu_order":0,"comment_status":"open","ping_status":"open","template":"full_width.php","meta":[],"_links":{"self":[{"href":"http:\/\/compania-arrate.com.ar\/nueva\/wp-json\/wp\/v2\/pages\/197"}],"collection":[{"href":"http:\/\/compania-arrate.com.ar\/nueva\/wp-json\/wp\/v2\/pages"}],"about":[{"href":"http:\/\/compania-arrate.com.ar\/nueva\/wp-json\/wp\/v2\/types\/page"}],"author":[{"embeddable":true,"href":"http:\/\/compania-arrate.com.ar\/nueva\/wp-json\/wp\/v2\/users\/1"}],"replies":[{"embeddable":true,"href":"http:\/\/compania-arrate.com.ar\/nueva\/wp-json\/wp\/v2\/comments?post=197"}],"version-history":[{"count":32,"href":"http:\/\/compania-arrate.com.ar\/nueva\/wp-json\/wp\/v2\/pages\/197\/revisions"}],"predecessor-version":[{"id":18681,"href":"http:\/\/compania-arrate.com.ar\/nueva\/wp-json\/wp\/v2\/pages\/197\/revisions\/18681"}],"wp:attachment":[{"href":"http:\/\/compania-arrate.com.ar\/nueva\/wp-json\/wp\/v2\/media?parent=197"}],"curies":[{"name":"wp","href":"https:\/\/api.w.org\/{rel}","templated":true}]}}