{"id":406,"date":"2015-05-06T21:06:07","date_gmt":"2015-05-06T21:06:07","guid":{"rendered":"http:\/\/compania-arrate.com\/arrate\/?page_id=406"},"modified":"2024-04-09T15:43:33","modified_gmt":"2024-04-09T18:43:33","slug":"lubricantes","status":"publish","type":"page","link":"http:\/\/compania-arrate.com.ar\/nueva\/lubricantes\/","title":{"rendered":"Lubricantes"},"content":{"rendered":"<p>[vc_row css_animation=&#8221;&#8221; row_type=&#8221;row&#8221; use_row_as_full_screen_section=&#8221;no&#8221; type=&#8221;full_width&#8221; angled_section=&#8221;no&#8221; text_align=&#8221;left&#8221; background_image_as_pattern=&#8221;without_pattern&#8221; z_index=&#8221;&#8221;][vc_column][vc_empty_space height=&#8221;100px&#8221;][\/vc_column][\/vc_row][vc_row css_animation=&#8221;&#8221; row_type=&#8221;row&#8221; use_row_as_full_screen_section=&#8221;no&#8221; type=&#8221;grid&#8221; angled_section=&#8221;no&#8221; text_align=&#8221;left&#8221; background_image_as_pattern=&#8221;without_pattern&#8221; z_index=&#8221;&#8221;][vc_column width=&#8221;1\/3&#8243;][vc_column_text css=&#8221;.vc_custom_1702902473620{padding-top: 10px !important;padding-right: 20px !important;padding-bottom: 10px !important;padding-left: 20px !important;background-color: #000000 !important;}&#8221;]<\/p>\n<h3 style=\"text-align: center;\"><span style=\"color: #ffffff;\">CONTACTO<\/span><\/h3>\n<p>[\/vc_column_text][vc_empty_space height=&#8221;14px&#8221;]<div class='q_icon_with_title tiny normal_icon '><div class=\"icon_holder \" style=\" \"><span data-icon-type=\"normal\"   style=\"\" class=\"qode_iwt_icon_holder q_font_awsome_icon fa-lg  \"><i class=\"qode_icon_font_awesome fa fa-address-book qode_iwt_icon_element\" style=\"\" ><\/i><\/span><\/div><div class=\"icon_text_holder\" style=\"\"><div class=\"icon_text_inner\" style=\"\"><h5 class=\"icon_title\" style=\"\">NECOCHEA<\/h5><p style=''>AV. 59 ESQUINA 98<\/p><\/div><\/div><\/div><div class='q_icon_with_title tiny normal_icon left_from_title '><div class=\"icon_text_holder\" style=\"\"><div class=\"icon_text_inner\" style=\"\"><div class=\"icon_title_holder\"><div class=\"icon_holder \" style=\" \"><span data-icon-type=\"normal\"   style=\"\" class=\"qode_iwt_icon_holder q_font_awsome_icon fa-lg  \"><i class=\"qode_icon_font_awesome fa fa-phone qode_iwt_icon_element\" style=\"\" ><\/i><\/span><\/div><h5 class=\"icon_title\" style=\"\">(02262) 15 553 407 \/ 15 553 408<\/h5><\/div><p style=''><\/p><\/div><\/div><\/div><div class='q_icon_with_title tiny normal_icon left_from_title '><div class=\"icon_text_holder\" style=\"\"><div class=\"icon_text_inner\" style=\"\"><div class=\"icon_title_holder\"><div class=\"icon_holder \" style=\" \"><span data-icon-type=\"normal\"   style=\"\" class=\"qode_iwt_icon_holder q_font_awsome_icon fa-lg  \"><i class=\"qode_icon_font_awesome fa fa-envelope qode_iwt_icon_element\" style=\"\" ><\/i><\/span><\/div><h5 class=\"icon_title\" style=\"\">distribuidora@compania-arrate.com.ar<\/h5><\/div><p style=''><\/p><\/div><\/div><\/div>[vc_separator type=&#8221;normal&#8221;][vc_empty_space height=&#8221;14px&#8221;]<div class='q_icon_with_title tiny normal_icon '><div class=\"icon_holder \" style=\" \"><span data-icon-type=\"normal\"   style=\"\" class=\"qode_iwt_icon_holder q_font_awsome_icon fa-lg  \"><i class=\"qode_icon_font_awesome fa fa-address-book qode_iwt_icon_element\" style=\"\" ><\/i><\/span><\/div><div class=\"icon_text_holder\" style=\"\"><div class=\"icon_text_inner\" style=\"\"><h5 class=\"icon_title\" style=\"\">MAR DEL PLATA<\/h5><p style=''>AV. JUAN B. JUSTO #5455<\/p><\/div><\/div><\/div><div class='q_icon_with_title tiny normal_icon left_from_title '><div class=\"icon_text_holder\" style=\"\"><div class=\"icon_text_inner\" style=\"\"><div class=\"icon_title_holder\"><div class=\"icon_holder \" style=\" \"><span data-icon-type=\"normal\"   style=\"\" class=\"qode_iwt_icon_holder q_font_awsome_icon fa-lg  \"><i class=\"qode_icon_font_awesome fa fa-phone qode_iwt_icon_element\" style=\"\" ><\/i><\/span><\/div><h5 class=\"icon_title\" style=\"\">(02223) 15 589 7747<\/h5><\/div><p style=''><\/p><\/div><\/div><\/div><div class='q_icon_with_title tiny normal_icon left_from_title '><div class=\"icon_text_holder\" style=\"\"><div class=\"icon_text_inner\" style=\"\"><div class=\"icon_title_holder\"><div class=\"icon_holder \" style=\" \"><span data-icon-type=\"normal\"   style=\"\" class=\"qode_iwt_icon_holder q_font_awsome_icon fa-lg  \"><i class=\"qode_icon_font_awesome fa fa-envelope qode_iwt_icon_element\" style=\"\" ><\/i><\/span><\/div><h5 class=\"icon_title\" style=\"\">qasmdp@compania-arrate.com.ar<\/h5><\/div><p style=''><\/p><\/div><\/div><\/div>[vc_separator type=&#8221;normal&#8221;][vc_empty_space height=&#8221;14px&#8221;]<div class='q_icon_with_title very_large custom_icon_image center '><div class=\"icon_holder \" style=\" \"><img itemprop=\"image\" style=\"\" src=\"http:\/\/compania-arrate.com.ar\/nueva\/wp-content\/uploads\/2023\/09\/00.png\" alt=\"\"><\/div><div class=\"icon_text_holder\" style=\"\"><div class=\"icon_text_inner\" style=\"\"><h4 class=\"icon_title\" style=\"\">HACE TU CAMBIO DE ACEITE EN QUARTZ AUTO SERVICES<\/h4><p style=''><\/p><a itemprop='url' class='icon_with_title_link' href='https:\/\/www.cambiodeaceite.com.ar\/' target='_self' style='color: #dd3333;'>SACAR TURNO<\/a><\/div><\/div><\/div>[vc_single_image image=&#8221;18738&#8243; img_size=&#8221;full&#8221; qode_css_animation=&#8221;&#8221;][\/vc_column][vc_column width=&#8221;1\/3&#8243;][vc_column_text css=&#8221;.vc_custom_1702902477996{padding-top: 10px !important;padding-right: 20px !important;padding-bottom: 10px !important;padding-left: 20px !important;background-color: #000000 !important;}&#8221;]<\/p>\n<h3 style=\"text-align: center;\"><span style=\"color: #ffffff;\">LUBRICANTES<\/span><\/h3>\n<p>[\/vc_column_text][vc_empty_space height=&#8221;14px&#8221;][vc_column_text]<\/p>\n<h3 class=\"s22\" style=\"text-align: justify;\"><span class=\"s21\" style=\"color: #000000;\">DISTRIBUIDORES OFICIALES DE TOTAL Y ELF<\/span><\/h3>\n<p class=\"s25\" style=\"text-align: justify;\"><span class=\"s23\">Somos <\/span><span class=\"s23\">distribuidores ofic<\/span><span class=\"s23\">iales de\u00a0<strong>TOTAL y ELF<\/strong> con sede central en Necochea, Avenida 98 esquina 59. A<\/span><span class=\"s23\">bastecemos a la regi\u00f3n con el fin de satisfacer <\/span><span class=\"s23\">sus <\/span><span class=\"s23\">necesidades t\u00e9cnicas e industriales, <\/span><span class=\"s23\">teniendo exclusividad<\/span><span class=\"s23\"> en los partidos de <strong>Necochea, Tres <\/strong><\/span><strong><span class=\"s23\">Arroyos, San Cayetano, Lober\u00eda,<\/span><span class=\"s23\"> Balcarce<\/span><span class=\"s23\">, Miramar, Mar del Plata y Mar Chiquita<\/span><\/strong><span class=\"s23\">.<\/span><\/p>\n<p class=\"s25\" style=\"text-align: justify;\"><span class=\"s24\"><br \/>\n<\/span><span class=\"s23\">Dispo<\/span><span class=\"s23\">nemos<\/span><span class=\"s23\"> de stock permanente, como as\u00ed tambi\u00e9n de un eficiente sistema de entrega, con<\/span><span class=\"s23\"> las<\/span><span class=\"s23\"> condiciones de venta y precios m\u00e1s flexibles y competitivos del mercado.<\/span><\/p>\n<p style=\"text-align: justify;\">En 2024 inauguramos Quartz Auto Services en la ciudad de Mar del Plata, ofreciendo un servicio completo de cambio de aceite y filtro, mantenimiento preventivo, controles peri\u00f3dicos y mec\u00e1nica ligera.<\/p>\n<p>&nbsp;<\/p>\n<p class=\"s25\" style=\"text-align: justify;\"><strong><em><span class=\"s26\">E<\/span><span class=\"s26\">n las mismas \u00e1rea de influencia contamos con la representaci\u00f3n oficial de las marcas<\/span><span class=\"s26\">:<\/span><\/em><\/strong><\/p>\n<p>&nbsp;<\/p>\n<ul>\n<li class=\"s30\" style=\"text-align: justify;\"><span class=\"s27\">&#8211; <\/span><span style=\"color: #000000;\"><strong><span class=\"s26\">Bater\u00edas <\/span><span class=\"s26\">Champion<\/span><\/strong><\/span><span class=\"s26\"><span style=\"color: #000000;\">,<\/span> de reconocida trayectoria desde 1920, la cual opera <\/span><span class=\"s26\">tambi\u00e9n<\/span><span class=\"s26\"> con su segunda marca <\/span><span class=\"s26\">Hardbat<\/span><span class=\"s26\"> y su tercera marca, Hi- <\/span><span class=\"s26\">Mart<\/span><span class=\"s26\">, ambas con sello de garant\u00eda <\/span><span class=\"s26\">Champion<\/span><span class=\"s26\">.<\/span><\/li>\n<\/ul>\n<p>&nbsp;<\/p>\n<ul>\n<li><span style=\"color: #000000;\"><span class=\"s27\">&#8211; <\/span><strong><span class=\"s26\">Bater\u00edas <\/span><span class=\"s26\">Edna<\/span><\/strong><\/span><span class=\"s26\">, empresa fundada en 1942, dedicada a la fabricaci\u00f3n y venta de <strong>Bater\u00edas<\/strong>,\u00a0<strong>Placas<\/strong>\u00a0e\u00a0<strong>Insumos <\/strong>para diferentes tipos de veh\u00edculos, empleando tecnolog\u00eda de punta.<\/span><\/li>\n<\/ul>\n<p>&nbsp;<\/p>\n<ul>\n<li class=\"s30\" style=\"text-align: justify;\"><span style=\"color: #000000;\"><strong><span class=\"s27\">&#8211; <\/span><span class=\"s26\">Walker<\/span><\/strong><span class=\"s26\">, <\/span><\/span><span class=\"s31\"><span class=\"s31\">es una empresa industrial de capitales argentinos dedicada a la fabricaci\u00f3n y distribuci\u00f3n de productos cosm\u00e9ticos para el Automotor.<br \/>\nComenzaron a operar a mediados del a\u00f1o 1995 en la provincia de Buenos Aires produciendo perfumes; siliconas y varios otros productos. Actualmente cuentan con 3 centros de fabricaci\u00f3n:<br \/>\n<\/span><\/span><\/p>\n<ol>\n<li>Gualeguaych\u00fa &#8211; Entre Rios<\/li>\n<li>Escobar &#8211; Buenos Aires<\/li>\n<li>General Mosconi &#8211; Salta<\/li>\n<\/ol>\n<\/li>\n<\/ul>\n<p>&nbsp;<\/p>\n<ul style=\"text-align: center;\">\n<li class=\"s30\" style=\"text-align: justify;\"><span style=\"color: #000000;\"><strong><span class=\"s27\">&#8211; <\/span><span class=\"s26\">Wynns<\/span><\/strong><span class=\"s26\">, <\/span><\/span><span class=\"s31\">marca <\/span><span class=\"s31\">de aditivos <\/span><span class=\"s31\">conocida a nivel mundial, hace m\u00e1s de 75 a\u00f1os,\u00a0<\/span><span class=\"s31\">especialistas en todo tipo de veh\u00edculos<\/span><span class=\"s31\">, aerosoles, equipos para que los talleres tengan servicios efectivos y de GRAN calidad.<\/span><\/li>\n<\/ul>\n<p>[\/vc_column_text][\/vc_column][vc_column width=&#8221;1\/3&#8243;][vc_column_text css=&#8221;.vc_custom_1702902483269{padding-top: 10px !important;padding-right: 20px !important;padding-bottom: 10px !important;padding-left: 20px !important;background-color: #000000 !important;}&#8221;]<\/p>\n<h3 style=\"text-align: center;\"><span style=\"color: #ffffff;\">VIDEO\/PROMOCION<\/span><\/h3>\n<p>[\/vc_column_text][vc_empty_space height=&#8221;14px&#8221;][vc_video link=&#8221;https:\/\/www.youtube.com\/watch?v=-qi81-esA2s&#8221; el_aspect=&#8221;43&#8243; align=&#8221;center&#8221; popup=&#8221;no&#8221;][vc_empty_space height=&#8221;14px&#8221;][vc_empty_space height=&#8221;14px&#8221;]<div class='q_icon_with_title tiny normal_icon left_from_title '><div class=\"icon_text_holder\" style=\"\"><div class=\"icon_text_inner\" style=\"\"><div class=\"icon_title_holder\"><div class=\"icon_holder \" style=\" \"><span data-icon-type=\"normal\"   style=\"\" class=\"qode_iwt_icon_holder q_font_awsome_icon fa-lg  \"><i class=\"qode_icon_font_awesome fa fa-instagram qode_iwt_icon_element\" style=\"\" ><\/i><\/span><\/div><h5 class=\"icon_title\" style=\"\">Arrate Lubricantes<\/h5><\/div><p style=''><\/p><a itemprop='url' class='icon_with_title_link' href='https:\/\/www.instagram.com\/arratelubricantes\/' target='_self' style=''>Seguinos en Instagram!<\/a><\/div><\/div><\/div><div class='q_icon_with_title tiny normal_icon left_from_title '><div class=\"icon_text_holder\" style=\"\"><div class=\"icon_text_inner\" style=\"\"><div class=\"icon_title_holder\"><div class=\"icon_holder \" style=\" \"><span data-icon-type=\"normal\"   style=\"\" class=\"qode_iwt_icon_holder q_font_awsome_icon fa-lg  \"><i class=\"qode_icon_font_awesome fa fa-facebook qode_iwt_icon_element\" style=\"\" ><\/i><\/span><\/div><h5 class=\"icon_title\" style=\"\">Arrate Lubricantes<\/h5><\/div><p style=''><\/p><a itemprop='url' class='icon_with_title_link' href='https:\/\/www.facebook.com\/arratelubricantes' target='_self' style=''>Seguinos en Facebook!<\/a><\/div><\/div><\/div>[vc_separator type=&#8221;normal&#8221;]<div class='q_icon_with_title tiny normal_icon left_from_title '><div class=\"icon_text_holder\" style=\"\"><div class=\"icon_text_inner\" style=\"\"><div class=\"icon_title_holder\"><div class=\"icon_holder \" style=\" \"><span data-icon-type=\"normal\"   style=\"\" class=\"qode_iwt_icon_holder q_font_awsome_icon fa-lg  \"><i class=\"qode_icon_font_awesome fa fa-instagram qode_iwt_icon_element\" style=\"\" ><\/i><\/span><\/div><h5 class=\"icon_title\" style=\"\">Quartz Auto Services Mar del Plata<\/h5><\/div><p style=''><\/p><a itemprop='url' class='icon_with_title_link' href='https:\/\/www.instagram.com\/quartzautoservice.mdp\/' target='_self' style=''>Seguinos en Instagram!<\/a><\/div><\/div><\/div><div class='q_icon_with_title tiny normal_icon left_from_title '><div class=\"icon_text_holder\" style=\"\"><div class=\"icon_text_inner\" style=\"\"><div class=\"icon_title_holder\"><div class=\"icon_holder \" style=\" \"><span data-icon-type=\"normal\"   style=\"\" class=\"qode_iwt_icon_holder q_font_awsome_icon fa-lg  \"><i class=\"qode_icon_font_awesome fa fa-facebook qode_iwt_icon_element\" style=\"\" ><\/i><\/span><\/div><h5 class=\"icon_title\" style=\"\">Quartz Auto Services Mar del Plata<\/h5><\/div><p style=''><\/p><a itemprop='url' class='icon_with_title_link' href='https:\/\/www.facebook.com\/quartzautoservice.mdp' target='_self' style=''>Seguinos en Facebook!<\/a><\/div><\/div><\/div>[\/vc_column][\/vc_row][vc_row css_animation=&#8221;&#8221; row_type=&#8221;row&#8221; use_row_as_full_screen_section=&#8221;no&#8221; type=&#8221;grid&#8221; angled_section=&#8221;no&#8221; text_align=&#8221;center&#8221; background_image_as_pattern=&#8221;without_pattern&#8221; z_index=&#8221;&#8221;][vc_column][vc_empty_space][vc_column_text]<\/p>\n<h2><span style=\"color: #ff0000;\">Socios Estrat\u00e9gicos<\/span><\/h2>\n<p>[\/vc_column_text][vc_empty_space][vc_column_text]<\/p>\n<p style=\"text-align: center;\">\n\t\t\t<!-- START Logos Lubricantes REVOLUTION SLIDER 6.1.2 --><p class=\"rs-p-wp-fix\"><\/p>\n\t\t\t<rs-module-wrap id=\"rev_slider_22_1_wrapper\" data-source=\"gallery\" style=\"background:transparent;padding:0;margin:0px auto;margin-top:0;margin-bottom:0;\">\n\t\t\t\t<rs-module id=\"rev_slider_22_1\" style=\"display:none;\" data-version=\"6.1.2\">\n\t\t\t\t\t<rs-slides>\n\t\t\t\t\t\t<rs-slide data-key=\"rs-57\" data-title=\"Slide\" data-anim=\"ei:d;eo:d;s:d;r:0;t:slideright;sl:d;\">\n\t\t\t\t\t\t\t<img src=\"\/\/compania-arrate.com.ar\/nueva\/wp-content\/plugins\/revslider\/public\/assets\/assets\/transparent.png\" title=\"Lubricantes\" class=\"rev-slidebg\" data-no-retina>\n<!--\n\t\t\t\t\t\t\t--><rs-layer\n\t\t\t\t\t\t\t\tid=\"slider-22-slide-57-layer-4\" \n\t\t\t\t\t\t\t\tdata-type=\"image\"\n\t\t\t\t\t\t\t\tdata-rsp_ch=\"on\"\n\t\t\t\t\t\t\t\tdata-xy=\"x:125px;y:-20px;\"\n\t\t\t\t\t\t\t\tdata-text=\"w:normal;\"\n\t\t\t\t\t\t\t\tdata-dim=\"w:200px;h:158px;\"\n\t\t\t\t\t\t\t\tdata-frame_999=\"o:0;st:w;\"\n\t\t\t\t\t\t\t\tstyle=\"z-index:7;font-family:Roboto;\"\n\t\t\t\t\t\t\t><img src=\"\/\/compania-arrate.com.ar\/nueva\/wp-content\/uploads\/2019\/11\/total.gif\" width=\"200\" height=\"158\" data-no-retina> \n\t\t\t\t\t\t\t<\/rs-layer><!--\n\n\t\t\t\t\t\t\t--><rs-layer\n\t\t\t\t\t\t\t\tid=\"slider-22-slide-57-layer-7\" \n\t\t\t\t\t\t\t\tdata-type=\"image\"\n\t\t\t\t\t\t\t\tdata-rsp_ch=\"on\"\n\t\t\t\t\t\t\t\tdata-xy=\"x:380px;y:26px;\"\n\t\t\t\t\t\t\t\tdata-text=\"w:normal;\"\n\t\t\t\t\t\t\t\tdata-dim=\"w:229px;h:86px;\"\n\t\t\t\t\t\t\t\tdata-frame_999=\"o:0;st:w;\"\n\t\t\t\t\t\t\t\tstyle=\"z-index:6;font-family:Roboto;\"\n\t\t\t\t\t\t\t><img src=\"\/\/compania-arrate.com.ar\/nueva\/wp-content\/uploads\/2019\/11\/elf.png\" width=\"300\" height=\"113\" data-no-retina> \n\t\t\t\t\t\t\t<\/rs-layer><!--\n-->\t\t\t\t\t\t<\/rs-slide>\n\t\t\t\t\t\t<rs-slide data-key=\"rs-56\" data-title=\"Slide\" data-anim=\"ei:d;eo:d;s:1000;r:0;t:fade;sl:0;\">\n\t\t\t\t\t\t\t<img src=\"\/\/compania-arrate.com.ar\/nueva\/wp-content\/plugins\/revslider\/public\/assets\/assets\/transparent.png\" title=\"Lubricantes\" class=\"rev-slidebg\" data-no-retina>\n<!--\n\t\t\t\t\t\t\t--><rs-layer\n\t\t\t\t\t\t\t\tid=\"slider-22-slide-56-layer-2\" \n\t\t\t\t\t\t\t\tdata-type=\"image\"\n\t\t\t\t\t\t\t\tdata-rsp_ch=\"on\"\n\t\t\t\t\t\t\t\tdata-xy=\"x:433px;y:-2px;\"\n\t\t\t\t\t\t\t\tdata-text=\"w:normal;\"\n\t\t\t\t\t\t\t\tdata-dim=\"w:178px;h:146px;\"\n\t\t\t\t\t\t\t\tdata-frame_999=\"o:0;st:w;\"\n\t\t\t\t\t\t\t\tstyle=\"z-index:7;font-family:Roboto;\"\n\t\t\t\t\t\t\t><img src=\"\/\/compania-arrate.com.ar\/nueva\/wp-content\/uploads\/2023\/05\/logo-edna.png\" width=\"149\" height=\"122\" data-no-retina> \n\t\t\t\t\t\t\t<\/rs-layer><!--\n\n\t\t\t\t\t\t\t--><rs-layer\n\t\t\t\t\t\t\t\tid=\"slider-22-slide-56-layer-5\" \n\t\t\t\t\t\t\t\tdata-type=\"image\"\n\t\t\t\t\t\t\t\tdata-rsp_ch=\"on\"\n\t\t\t\t\t\t\t\tdata-xy=\"x:141px;y:-5px;\"\n\t\t\t\t\t\t\t\tdata-text=\"w:normal;\"\n\t\t\t\t\t\t\t\tdata-dim=\"w:249px;h:156px;\"\n\t\t\t\t\t\t\t\tdata-frame_999=\"o:0;st:w;\"\n\t\t\t\t\t\t\t\tstyle=\"z-index:5;font-family:Roboto;\"\n\t\t\t\t\t\t\t><img src=\"\/\/compania-arrate.com.ar\/nueva\/wp-content\/uploads\/2019\/11\/Logo-champion.png\" width=\"945\" height=\"591\" data-no-retina> \n\t\t\t\t\t\t\t<\/rs-layer><!--\n-->\t\t\t\t\t\t<\/rs-slide>\n\t\t\t\t\t\t<rs-slide data-key=\"rs-80\" data-title=\"Slide\" data-anim=\"ei:d;eo:d;s:1000;r:0;t:fade;sl:0;\">\n\t\t\t\t\t\t\t<img src=\"\/\/compania-arrate.com.ar\/nueva\/wp-content\/plugins\/revslider\/public\/assets\/assets\/transparent.png\" title=\"Lubricantes\" class=\"rev-slidebg\" data-no-retina>\n<!--\n\t\t\t\t\t\t\t--><rs-layer\n\t\t\t\t\t\t\t\tid=\"slider-22-slide-80-layer-8\" \n\t\t\t\t\t\t\t\tdata-type=\"image\"\n\t\t\t\t\t\t\t\tdata-rsp_ch=\"on\"\n\t\t\t\t\t\t\t\tdata-xy=\"x:429px;y:13px;\"\n\t\t\t\t\t\t\t\tdata-text=\"w:normal;\"\n\t\t\t\t\t\t\t\tdata-dim=\"w:213px;h:109px;\"\n\t\t\t\t\t\t\t\tdata-frame_999=\"o:0;st:w;\"\n\t\t\t\t\t\t\t\tstyle=\"z-index:9;font-family:Roboto;\"\n\t\t\t\t\t\t\t><img src=\"\/\/compania-arrate.com.ar\/nueva\/wp-content\/uploads\/2023\/05\/logo-walker.png\" width=\"270\" height=\"138\" data-no-retina> \n\t\t\t\t\t\t\t<\/rs-layer><!--\n\n\t\t\t\t\t\t\t--><rs-layer\n\t\t\t\t\t\t\t\tid=\"slider-22-slide-80-layer-9\" \n\t\t\t\t\t\t\t\tdata-type=\"image\"\n\t\t\t\t\t\t\t\tdata-rsp_ch=\"on\"\n\t\t\t\t\t\t\t\tdata-xy=\"x:106px;y:40px;\"\n\t\t\t\t\t\t\t\tdata-text=\"w:normal;\"\n\t\t\t\t\t\t\t\tdata-dim=\"w:255px;h:60px;\"\n\t\t\t\t\t\t\t\tdata-frame_999=\"o:0;st:w;\"\n\t\t\t\t\t\t\t\tstyle=\"z-index:2;font-family:Roboto;\"\n\t\t\t\t\t\t\t><img src=\"\/\/compania-arrate.com.ar\/nueva\/wp-content\/uploads\/2019\/11\/wynns.png\" width=\"298\" height=\"70\" data-no-retina> \n\t\t\t\t\t\t\t<\/rs-layer><!--\n-->\t\t\t\t\t\t<\/rs-slide>\n\t\t\t\t\t<\/rs-slides>\n\t\t\t\t\t<rs-progress class=\"rs-bottom\" style=\"visibility: hidden !important;\"><\/rs-progress>\n\t\t\t\t<\/rs-module>\n\t\t\t\t<script type=\"text\/javascript\">\n\t\t\t\t\tsetREVStartSize({c: 'rev_slider_22_1',rl:[1240,1024,778,480],el:[150],gw:[800],gh:[150],layout:'fullwidth',mh:\"0\"});\n\t\t\t\t\tvar\trevapi22,\n\t\t\t\t\t\ttpj;\n\t\t\t\t\tjQuery(function() {\n\t\t\t\t\t\ttpj = jQuery;\n\t\t\t\t\t\tif(tpj(\"#rev_slider_22_1\").revolution == undefined){\n\t\t\t\t\t\t\trevslider_showDoubleJqueryError(\"#rev_slider_22_1\");\n\t\t\t\t\t\t}else{\n\t\t\t\t\t\t\trevapi22 = tpj(\"#rev_slider_22_1\").show().revolution({\n\t\t\t\t\t\t\t\tjsFileLocation:\"\/\/compania-arrate.com.ar\/nueva\/wp-content\/plugins\/revslider\/public\/assets\/js\/\",\n\t\t\t\t\t\t\t\tsliderLayout:\"fullwidth\",\n\t\t\t\t\t\t\t\tduration:\"2000ms\",\n\t\t\t\t\t\t\t\tvisibilityLevels:\"1240,1024,778,480\",\n\t\t\t\t\t\t\t\tgridwidth:800,\n\t\t\t\t\t\t\t\tgridheight:150,\n\t\t\t\t\t\t\t\tminHeight:\"\",\n\t\t\t\t\t\t\t\tspinner:\"spinner0\",\n\t\t\t\t\t\t\t\teditorheight:\"150,768,960,720\",\n\t\t\t\t\t\t\t\tresponsiveLevels:\"1240,1024,778,480\",\n\t\t\t\t\t\t\t\tdisableProgressBar:\"on\",\n\t\t\t\t\t\t\t\tnavigation: {\n\t\t\t\t\t\t\t\t\tonHoverStop:false\n\t\t\t\t\t\t\t\t},\n\t\t\t\t\t\t\t\tfallbacks: {\n\t\t\t\t\t\t\t\t\tallowHTML5AutoPlayOnAndroid:true\n\t\t\t\t\t\t\t\t},\n\t\t\t\t\t\t\t});\n\t\t\t\t\t\t}\n\t\t\t\t\t\t\n\t\t\t\t\t});\n\t\t\t\t<\/script>\n\t\t\t<\/rs-module-wrap>\n\t\t\t<!-- END REVOLUTION SLIDER -->\n<\/p>\n<p>[\/vc_column_text][vc_empty_space][\/vc_column][\/vc_row][vc_row css_animation=&#8221;&#8221; row_type=&#8221;row&#8221; use_row_as_full_screen_section=&#8221;no&#8221; type=&#8221;full_width&#8221; angled_section=&#8221;no&#8221; text_align=&#8221;left&#8221; background_image_as_pattern=&#8221;without_pattern&#8221;][vc_column][\/vc_column][\/vc_row]<\/p>\n","protected":false},"excerpt":{"rendered":"<p>[vc_row css_animation=&#8221;&#8221; row_type=&#8221;row&#8221; use_row_as_full_screen_section=&#8221;no&#8221; type=&#8221;full_width&#8221; angled_section=&#8221;no&#8221; text_align=&#8221;left&#8221; background_image_as_pattern=&#8221;without_pattern&#8221; z_index=&#8221;&#8221;][vc_column][vc_empty_space height=&#8221;100px&#8221;][\/vc_column][\/vc_row][vc_row css_animation=&#8221;&#8221; row_type=&#8221;row&#8221; use_row_as_full_screen_section=&#8221;no&#8221; type=&#8221;grid&#8221; angled_section=&#8221;no&#8221; text_align=&#8221;left&#8221; background_image_as_pattern=&#8221;without_pattern&#8221; z_index=&#8221;&#8221;][vc_column width=&#8221;1\/3&#8243;][vc_column_text css=&#8221;.vc_custom_1702902473620{padding-top: 10px !important;padding-right: 20px !important;padding-bottom: 10px !important;padding-left: 20px !important;background-color: #000000 !important;}&#8221;] CONTACTO [\/vc_column_text][vc_empty_space height=&#8221;14px&#8221;][vc_separator type=&#8221;normal&#8221;][vc_empty_space height=&#8221;14px&#8221;][vc_separator type=&#8221;normal&#8221;][vc_empty_space height=&#8221;14px&#8221;][vc_single_image image=&#8221;18738&#8243; img_size=&#8221;full&#8221; qode_css_animation=&#8221;&#8221;][\/vc_column][vc_column width=&#8221;1\/3&#8243;][vc_column_text css=&#8221;.vc_custom_1702902477996{padding-top: 10px !important;padding-right: 20px&#8230;<\/p>\n","protected":false},"author":1,"featured_media":0,"parent":0,"menu_order":0,"comment_status":"open","ping_status":"open","template":"full_width.php","meta":[],"_links":{"self":[{"href":"http:\/\/compania-arrate.com.ar\/nueva\/wp-json\/wp\/v2\/pages\/406"}],"collection":[{"href":"http:\/\/compania-arrate.com.ar\/nueva\/wp-json\/wp\/v2\/pages"}],"about":[{"href":"http:\/\/compania-arrate.com.ar\/nueva\/wp-json\/wp\/v2\/types\/page"}],"author":[{"embeddable":true,"href":"http:\/\/compania-arrate.com.ar\/nueva\/wp-json\/wp\/v2\/users\/1"}],"replies":[{"embeddable":true,"href":"http:\/\/compania-arrate.com.ar\/nueva\/wp-json\/wp\/v2\/comments?post=406"}],"version-history":[{"count":78,"href":"http:\/\/compania-arrate.com.ar\/nueva\/wp-json\/wp\/v2\/pages\/406\/revisions"}],"predecessor-version":[{"id":19140,"href":"http:\/\/compania-arrate.com.ar\/nueva\/wp-json\/wp\/v2\/pages\/406\/revisions\/19140"}],"wp:attachment":[{"href":"http:\/\/compania-arrate.com.ar\/nueva\/wp-json\/wp\/v2\/media?parent=406"}],"curies":[{"name":"wp","href":"https:\/\/api.w.org\/{rel}","templated":true}]}}