{"id":431,"date":"2015-05-07T14:28:24","date_gmt":"2015-05-07T14:28:24","guid":{"rendered":"http:\/\/compania-arrate.com\/arrate\/?page_id=431"},"modified":"2023-12-18T09:12:12","modified_gmt":"2023-12-18T12:12:12","slug":"transporte","status":"publish","type":"page","link":"https:\/\/compania-arrate.com.ar\/nueva\/transporte\/","title":{"rendered":"TRANSPORTES"},"content":{"rendered":"<p>[vc_row css_animation=&#8221;&#8221; row_type=&#8221;row&#8221; use_row_as_full_screen_section=&#8221;no&#8221; type=&#8221;full_width&#8221; angled_section=&#8221;no&#8221; text_align=&#8221;left&#8221; background_image_as_pattern=&#8221;without_pattern&#8221; z_index=&#8221;&#8221;][vc_column][vc_empty_space height=&#8221;200px&#8221;][\/vc_column][\/vc_row][vc_row css_animation=&#8221;&#8221; row_type=&#8221;row&#8221; use_row_as_full_screen_section=&#8221;no&#8221; type=&#8221;grid&#8221; angled_section=&#8221;no&#8221; text_align=&#8221;left&#8221; background_image_as_pattern=&#8221;without_pattern&#8221; z_index=&#8221;&#8221;][vc_column width=&#8221;1\/3&#8243;][vc_column_text css=&#8221;.vc_custom_1702901498913{padding-top: 10px !important;padding-right: 20px !important;padding-bottom: 10px !important;padding-left: 20px !important;background-color: #000000 !important;}&#8221;]<\/p>\n<h3 style=\"text-align: center;\"><span style=\"color: #ffffff;\">CONTACTO<\/span><\/h3>\n<p>[\/vc_column_text][vc_empty_space height=&#8221;14px&#8221;]<div class=\"qode-accordion-holder clearfix qode-toggle qode-initial \">\n\t<h3 class=\"clearfix qode-title-holder\">\n<span class=\"qode-tab-title\">\n\t    <span class=\"qode-tab-title-inner\">\n        QUEQUEN    <\/span>\n<\/span>\n<span class=\"qode-accordion-mark\">\n    <span class=\"qode-accordion-mark-icon\">\n        <span class=\"icon_plus\"><\/span>\n        <span class=\"icon_minus-06\"><\/span>\n    <\/span>\n<\/span>\n<\/h3>\n<div  class=\"qode-accordion-content \" >\n    <div class=\"qode-accordion-content-inner\">\n        <div class='q_icon_with_title tiny normal_icon left_from_title '><div class=\"icon_text_holder\" style=\"\"><div class=\"icon_text_inner\" style=\"\"><div class=\"icon_title_holder\"><div class=\"icon_holder \" style=\" \"><span data-icon-type=\"normal\"   style=\"\" class=\"qode_iwt_icon_holder q_font_awsome_icon fa-lg  \"><i class=\"qode_icon_font_awesome fa fa-address-book qode_iwt_icon_element\" style=\"\" ><\/i><\/span><\/div><h5 class=\"icon_title\" style=\"\">Ruta 88 KM. 125<\/h5><\/div><p style=''><\/p><\/div><\/div><\/div><div class='q_icon_with_title tiny normal_icon left_from_title '><div class=\"icon_text_holder\" style=\"\"><div class=\"icon_text_inner\" style=\"\"><div class=\"icon_title_holder\"><div class=\"icon_holder \" style=\" \"><span data-icon-type=\"normal\"   style=\"\" class=\"qode_iwt_icon_holder q_font_awsome_icon fa-lg  \"><i class=\"qode_icon_font_awesome fa fa-phone qode_iwt_icon_element\" style=\"\" ><\/i><\/span><\/div><h5 class=\"icon_title\" style=\"\">2262 15657211<\/h5><\/div><p style=''><\/p><\/div><\/div><\/div><div class='q_icon_with_title tiny normal_icon left_from_title '><div class=\"icon_text_holder\" style=\"\"><div class=\"icon_text_inner\" style=\"\"><div class=\"icon_title_holder\"><div class=\"icon_holder \" style=\" \"><span data-icon-type=\"normal\"   style=\"\" class=\"qode_iwt_icon_holder q_font_awsome_icon fa-lg  \"><i class=\"qode_icon_font_awesome fa fa-whatsapp qode_iwt_icon_element\" style=\"\" ><\/i><\/span><\/div><h5 class=\"icon_title\" style=\"\">2262 9 564 916<\/h5><\/div><p style=''><\/p><\/div><\/div><\/div><div class='q_icon_with_title tiny normal_icon '><div class=\"icon_holder \" style=\" \"><span data-icon-type=\"normal\"   style=\"\" class=\"qode_iwt_icon_holder q_font_awsome_icon fa-lg  \"><i class=\"qode_icon_font_awesome fa  qode_iwt_icon_element\" style=\"\" ><\/i><\/span><\/div><div class=\"icon_text_holder\" style=\"\"><div class=\"icon_text_inner\" style=\"\"><h5 class=\"icon_title\" style=\"\"><\/h5><p style=''><\/p><a itemprop='url' class='icon_with_title_link' href='mailto:transportes@compania-arrate.com.ar' target='_self' style=''>transportes@compania-arrate.com.ar<\/a><\/div><\/div><\/div>    <\/div>\n<\/div><\/div>[\/vc_column][vc_column width=&#8221;1\/3&#8243;][vc_column_text css=&#8221;.vc_custom_1702901518537{padding-top: 10px !important;padding-right: 20px !important;padding-bottom: 10px !important;padding-left: 20px !important;background-color: #000000 !important;}&#8221;]<\/p>\n<h3 style=\"text-align: center;\"><span style=\"color: #ffffff;\">TRANSPORTES<\/span><\/h3>\n<p>[\/vc_column_text][vc_empty_space height=&#8221;14px&#8221;][vc_column_text]<\/p>\n<p class=\"s3\" style=\"text-align: justify;\"><span style=\"color: #333333;\"><span class=\"s33\">Mediante la divisi\u00f3n TRANSPORTES, abarcamos todo tipo de cargas, tanto s\u00f3lido como l\u00edquido, a lo largo de todo el pa\u00eds.<\/span> <span class=\"s33\">Dise\u00f1amos la log\u00edst<\/span><span class=\"s33\">ica adecuada para cada cliente, afrontamos servicios de cosecha, descargas c<\/span><span class=\"s33\">ostado <\/span><span class=\"s33\">v<\/span><span class=\"s33\">apor, trabajos espec<\/span><span class=\"s33\">\u00edficos de papas o espigas, y <\/span><span class=\"s33\">asumi<\/span><span class=\"s33\">mos compromisos con acopios de cereales, exportadores, como tambi\u00e9n con p<\/span><span class=\"s33\">roductores q<\/span><span class=\"s33\">ue conocen nuestra pol\u00edtica de calidad e<\/span><span class=\"s33\">mpresaria.<\/span><\/span><\/p>\n<p>&nbsp;<\/p>\n<p class=\"s3\" style=\"text-align: justify;\"><span style=\"color: #333333;\"><span class=\"s33\">M<\/span><span class=\"s33\">odernizamos nuestra flota de veh\u00edculos continuamente, incorporando nuevas unidades para los distintos tipos de cargas. En la actualidad<\/span><span class=\"s33\">, poseemos una moderna flota p<\/span><span class=\"s33\">ropia de 25 <\/span><span class=\"s33\">e<\/span><span class=\"s33\">quipos multifunci\u00f3n formada en su mayor\u00eda por unidades tractoras que remolcan indistintamente Bateas (utilizadas tanto para transporte de cereales como en especial para fertilizantes s\u00f3lidos, inclusive con <\/span><span class=\"s33\">autodescarga<\/span><span class=\"s33\">), <\/span><span class=\"s33\">\u00f3<\/span><span class=\"s33\"> Tanques (utilizados para transporte de fertilizantes l\u00edquidos, aceite a granel, <\/span><span class=\"s33\">etc<\/span><span class=\"s33\">).<\/span><\/span><\/p>\n<p>&nbsp;<\/p>\n<p class=\"s3\" style=\"text-align: justify;\"><span style=\"color: #333333;\"><span class=\"s33\">Otorgamos plena <\/span><span class=\"s33\">seguridad en nuestro servicio, contando con todas las habilitaciones, seguros, verificaciones, documentaci\u00f3n laboral, sindical, y de AFIP, necesarios para el trabajo responsable.<\/span><\/span><\/p>\n<p>&nbsp;<\/p>\n<p class=\"s35\" style=\"text-align: justify;\"><span class=\"s33\" style=\"color: #333333;\">Arrate Transportes es una de las unidades de negocio m\u00e1s importantes de la compa\u00f1\u00eda ya que logr\u00f3 posicionarse como referente en el sector, gracias a su impecable trayectoria y a su compromiso por un transporte seguro.<\/span><\/p>\n<p>[\/vc_column_text][vc_empty_space][\/vc_column][vc_column width=&#8221;1\/3&#8243;][vc_column_text css=&#8221;.vc_custom_1702901529123{padding-top: 10px !important;padding-right: 20px !important;padding-bottom: 10px !important;padding-left: 20px !important;background-color: #000000 !important;}&#8221;]<\/p>\n<h3 style=\"text-align: center;\"><span style=\"color: #ffffff;\">VIDEO\/PROMOCION<\/span><\/h3>\n<p>[\/vc_column_text][vc_empty_space height=&#8221;14px&#8221;][vc_video link=&#8221;https:\/\/www.youtube.com\/watch?v=O2RywktX8-I&#8221; el_aspect=&#8221;43&#8243; popup=&#8221;no&#8221;][\/vc_column][\/vc_row][vc_row css_animation=&#8221;&#8221; row_type=&#8221;row&#8221; use_row_as_full_screen_section=&#8221;no&#8221; type=&#8221;full_width&#8221; angled_section=&#8221;no&#8221; text_align=&#8221;left&#8221; background_image_as_pattern=&#8221;without_pattern&#8221;][vc_column][vc_empty_space][vc_gallery type=&#8221;image_grid&#8221; images=&#8221;15895,15896,15897,15898&#8243; img_size=&#8221;full&#8221; column_number=&#8221;4&#8243; grayscale=&#8221;no&#8221; images_space=&#8221;gallery_with_space&#8221;][vc_empty_space][\/vc_column][\/vc_row]<\/p>\n","protected":false},"excerpt":{"rendered":"<p>[vc_row css_animation=&#8221;&#8221; row_type=&#8221;row&#8221; use_row_as_full_screen_section=&#8221;no&#8221; type=&#8221;full_width&#8221; angled_section=&#8221;no&#8221; text_align=&#8221;left&#8221; background_image_as_pattern=&#8221;without_pattern&#8221; z_index=&#8221;&#8221;][vc_column][vc_empty_space height=&#8221;200px&#8221;][\/vc_column][\/vc_row][vc_row css_animation=&#8221;&#8221; row_type=&#8221;row&#8221; use_row_as_full_screen_section=&#8221;no&#8221; type=&#8221;grid&#8221; angled_section=&#8221;no&#8221; text_align=&#8221;left&#8221; background_image_as_pattern=&#8221;without_pattern&#8221; z_index=&#8221;&#8221;][vc_column width=&#8221;1\/3&#8243;][vc_column_text css=&#8221;.vc_custom_1702901498913{padding-top: 10px !important;padding-right: 20px !important;padding-bottom: 10px !important;padding-left: 20px !important;background-color: #000000 !important;}&#8221;] CONTACTO [\/vc_column_text][vc_empty_space height=&#8221;14px&#8221;][\/vc_column][vc_column width=&#8221;1\/3&#8243;][vc_column_text css=&#8221;.vc_custom_1702901518537{padding-top: 10px !important;padding-right: 20px !important;padding-bottom: 10px !important;padding-left: 20px !important;background-color: #000000 !important;}&#8221;]&#8230;<\/p>\n","protected":false},"author":1,"featured_media":0,"parent":0,"menu_order":0,"comment_status":"open","ping_status":"open","template":"full_width.php","meta":[],"_links":{"self":[{"href":"https:\/\/compania-arrate.com.ar\/nueva\/wp-json\/wp\/v2\/pages\/431"}],"collection":[{"href":"https:\/\/compania-arrate.com.ar\/nueva\/wp-json\/wp\/v2\/pages"}],"about":[{"href":"https:\/\/compania-arrate.com.ar\/nueva\/wp-json\/wp\/v2\/types\/page"}],"author":[{"embeddable":true,"href":"https:\/\/compania-arrate.com.ar\/nueva\/wp-json\/wp\/v2\/users\/1"}],"replies":[{"embeddable":true,"href":"https:\/\/compania-arrate.com.ar\/nueva\/wp-json\/wp\/v2\/comments?post=431"}],"version-history":[{"count":23,"href":"https:\/\/compania-arrate.com.ar\/nueva\/wp-json\/wp\/v2\/pages\/431\/revisions"}],"predecessor-version":[{"id":18668,"href":"https:\/\/compania-arrate.com.ar\/nueva\/wp-json\/wp\/v2\/pages\/431\/revisions\/18668"}],"wp:attachment":[{"href":"https:\/\/compania-arrate.com.ar\/nueva\/wp-json\/wp\/v2\/media?parent=431"}],"curies":[{"name":"wp","href":"https:\/\/api.w.org\/{rel}","templated":true}]}}