{"id":548,"date":"2015-06-08T13:47:56","date_gmt":"2015-06-08T13:47:56","guid":{"rendered":"http:\/\/compania-arrate.com\/arrate\/?page_id=548"},"modified":"2023-12-18T09:14:46","modified_gmt":"2023-12-18T12:14:46","slug":"neumaticos","status":"publish","type":"page","link":"https:\/\/compania-arrate.com.ar\/nueva\/neumaticos\/","title":{"rendered":"Neum\u00e1ticos"},"content":{"rendered":"<p>[vc_row css_animation=&#8221;&#8221; row_type=&#8221;row&#8221; use_row_as_full_screen_section=&#8221;no&#8221; type=&#8221;full_width&#8221; angled_section=&#8221;no&#8221; text_align=&#8221;left&#8221; background_image_as_pattern=&#8221;without_pattern&#8221;][vc_column][vc_empty_space height=&#8221;50px&#8221;][\/vc_column][\/vc_row][vc_row css_animation=&#8221;&#8221; row_type=&#8221;row&#8221; use_row_as_full_screen_section=&#8221;no&#8221; type=&#8221;grid&#8221; angled_section=&#8221;no&#8221; text_align=&#8221;left&#8221; background_image_as_pattern=&#8221;without_pattern&#8221; z_index=&#8221;&#8221;][vc_column width=&#8221;1\/3&#8243;][vc_column_text css=&#8221;.vc_custom_1702901584089{padding-top: 10px !important;padding-right: 20px !important;padding-bottom: 10px !important;padding-left: 20px !important;background-color: #000000 !important;}&#8221;]<\/p>\n<h3 style=\"text-align: center;\"><span style=\"color: #ffffff;\">CONTACTO<\/span><\/h3>\n<p>[\/vc_column_text][vc_empty_space height=&#8221;14px&#8221;]<div class=\"qode-accordion-holder clearfix qode-toggle qode-initial \">\n\t<h3 class=\"clearfix qode-title-holder\">\n<span class=\"qode-tab-title\">\n\t    <span class=\"qode-tab-title-inner\">\n        NECOCHEA    <\/span>\n<\/span>\n<span class=\"qode-accordion-mark\">\n    <span class=\"qode-accordion-mark-icon\">\n        <span class=\"icon_plus\"><\/span>\n        <span class=\"icon_minus-06\"><\/span>\n    <\/span>\n<\/span>\n<\/h3>\n<div  class=\"qode-accordion-content \" >\n    <div class=\"qode-accordion-content-inner\">\n        <div class='q_icon_with_title tiny normal_icon left_from_title '><div class=\"icon_text_holder\" style=\"\"><div class=\"icon_text_inner\" style=\"\"><div class=\"icon_title_holder\"><div class=\"icon_holder \" style=\" \"><span data-icon-type=\"normal\"   style=\"\" class=\"qode_iwt_icon_holder q_font_awsome_icon fa-lg  \"><i class=\"qode_icon_font_awesome fa fa-address-book qode_iwt_icon_element\" style=\"\" ><\/i><\/span><\/div><h5 class=\"icon_title\" style=\"\">AVDA. 59 ESQUINA 80<\/h5><\/div><p style=''><\/p><\/div><\/div><\/div><div class='q_icon_with_title tiny normal_icon left_from_title '><div class=\"icon_text_holder\" style=\"\"><div class=\"icon_text_inner\" style=\"\"><div class=\"icon_title_holder\"><div class=\"icon_holder \" style=\" \"><span data-icon-type=\"normal\"   style=\"\" class=\"qode_iwt_icon_holder q_font_awsome_icon fa-lg  \"><i class=\"qode_icon_font_awesome fa fa-phone qode_iwt_icon_element\" style=\"\" ><\/i><\/span><\/div><h5 class=\"icon_title\" style=\"\">(02262) 427719 \/ 435215<\/h5><\/div><p style=''><\/p><\/div><\/div><\/div><div class='q_icon_with_title tiny normal_icon left_from_title '><div class=\"icon_text_holder\" style=\"\"><div class=\"icon_text_inner\" style=\"\"><div class=\"icon_title_holder\"><div class=\"icon_holder \" style=\" \"><span data-icon-type=\"normal\"   style=\"\" class=\"qode_iwt_icon_holder q_font_awsome_icon fa-lg  \"><i class=\"qode_icon_font_awesome fa fa-envelope qode_iwt_icon_element\" style=\"\" ><\/i><\/span><\/div><h5 class=\"icon_title\" style=\"\"><\/h5><\/div><p style=''><\/p><a itemprop='url' class='icon_with_title_link' href='mailto:neumaticos@compania-arrate.com.ar' target='_self' style=''>neumaticos@compania-arrate.com.ar<\/a><\/div><\/div><\/div>    <\/div>\n<\/div><\/div>[\/vc_column][vc_column width=&#8221;1\/3&#8243;][vc_column_text css=&#8221;.vc_custom_1702901591346{padding-top: 10px !important;padding-right: 20px !important;padding-bottom: 10px !important;padding-left: 20px !important;background-color: #000000 !important;}&#8221;]<\/p>\n<h3 style=\"text-align: center;\"><span style=\"color: #ffffff;\">NEUMATICOS<\/span><\/h3>\n<p>[\/vc_column_text][vc_empty_space height=&#8221;14px&#8221;][vc_column_text]<\/p>\n<p class=\"s12\" style=\"text-align: justify;\"><span class=\"s2\">Somos agentes of\u00edciales de <\/span><strong><span class=\"s2\">DUNLOP<\/span><\/strong><span class=\"s2\">, abarcando una amplia gama para autom\u00f3viles, camionetas, camiones y colectivos, veh\u00edculos para la construcci\u00f3n y miner\u00eda, veh\u00edculos industriales, y otras aplicaciones tales como llantas de aluminio y otros productos perif\u00e9ricos.<\/span><\/p>\n<p class=\"s4\" style=\"text-align: justify;\"><span class=\"s2\">Paralelamente le ofrecemos a nuestros clientes otras l\u00edneas de acuerdo al equipo original de su veh\u00edculo, o si se inclina por cubiertas econ\u00f3micas, cubriendo todas las necesidades con respecto a calidad y precio. Adem\u00e1s, los servicios necesarios de alineaci\u00f3n y balanceo para el correcto cuidado del neum\u00e1tico y del veh\u00edculo, y para el tren delantero.<\/span><\/p>\n<p class=\"s3\" style=\"text-align: justify;\"><span class=\"s2\">Tambi\u00e9n ofrecemos varias marcas de llantas tanto deportivas como juego original, toda la l\u00ednea de accesorios <strong>BRACCO<\/strong> para equipar totalmente su veh\u00edculo.<\/span><\/p>\n<p>&nbsp;<\/p>\n<p style=\"text-align: justify;\">Con el objetivo de seguir innovando y ofrecer soluciones de acuerdo a las necesidades de nuestros usuarios, a partir de 2022 asumimos la representaci\u00f3n de <strong><em>Lusqtoff<\/em><\/strong>, marca argentina con mas de 10 a\u00f1os de trayectoria en el mercado, dedicada a la comercializaci\u00f3n de productos de fuerza, forestaci\u00f3n, hogar e industria.<\/p>\n<p>Tambi\u00e9n somos representantes de <strong>Truper<\/strong>, l\u00edder en herramientas manuales.<\/p>\n<p>[\/vc_column_text][\/vc_column][vc_column width=&#8221;1\/3&#8243;][vc_column_text css=&#8221;.vc_custom_1702901597180{padding-top: 10px !important;padding-right: 20px !important;padding-bottom: 10px !important;padding-left: 20px !important;background-color: #000000 !important;}&#8221;]<\/p>\n<h3 style=\"text-align: center;\"><span style=\"color: #ffffff;\">VIDEO\/PROMOCION<\/span><\/h3>\n<p>[\/vc_column_text][vc_empty_space height=&#8221;14px&#8221;][vc_video link=&#8221;https:\/\/youtu.be\/R-p2eeO71AI&#8221;][vc_empty_space height=&#8221;14px&#8221;][vc_single_image image=&#8221;17819&#8243; img_size=&#8221;large&#8221; qode_css_animation=&#8221;&#8221;][vc_row_inner row_type=&#8221;row&#8221; type=&#8221;full_width&#8221; text_align=&#8221;left&#8221; css_animation=&#8221;&#8221;][vc_column_inner][vc_separator type=&#8221;normal&#8221;]<div class='q_icon_with_title tiny normal_icon left_from_title '><div class=\"icon_text_holder\" style=\"\"><div class=\"icon_text_inner\" style=\"\"><div class=\"icon_title_holder\"><div class=\"icon_holder \" style=\" \"><span data-icon-type=\"normal\"   style=\"\" class=\"qode_iwt_icon_holder q_font_awsome_icon fa-lg  \"><i class=\"qode_icon_font_awesome fa fa-instagram qode_iwt_icon_element\" style=\"\" ><\/i><\/span><\/div><h5 class=\"icon_title\" style=\"\">arrateneumaticos<\/h5><\/div><p style=''><\/p><a itemprop='url' class='icon_with_title_link' href='https:\/\/www.instagram.com\/arrateneumaticos\/' target='_self' style=''>Seguinos en Instagram<\/a><\/div><\/div><\/div><div class='q_icon_with_title tiny normal_icon left_from_title '><div class=\"icon_text_holder\" style=\"\"><div class=\"icon_text_inner\" style=\"\"><div class=\"icon_title_holder\"><div class=\"icon_holder \" style=\" \"><span data-icon-type=\"normal\"   style=\"\" class=\"qode_iwt_icon_holder q_font_awsome_icon fa-lg  \"><i class=\"qode_icon_font_awesome fa fa-facebook qode_iwt_icon_element\" style=\"\" ><\/i><\/span><\/div><h5 class=\"icon_title\" style=\"\">arrateneumaticos<\/h5><\/div><p style=''><\/p><a itemprop='url' class='icon_with_title_link' href='https:\/\/www.facebook.com\/arrateneumaticos' target='_self' style=''>Seguinos en Facebook<\/a><\/div><\/div><\/div>[\/vc_column_inner][\/vc_row_inner][\/vc_column][\/vc_row][vc_row css_animation=&#8221;&#8221; row_type=&#8221;row&#8221; use_row_as_full_screen_section=&#8221;no&#8221; type=&#8221;grid&#8221; angled_section=&#8221;no&#8221; text_align=&#8221;center&#8221; background_image_as_pattern=&#8221;without_pattern&#8221; z_index=&#8221;&#8221;][vc_column][vc_empty_space][vc_column_text]<\/p>\n<h2><span style=\"color: #000000;\">Socios Estrat\u00e9gicos<\/span><\/h2>\n<p>[\/vc_column_text][vc_empty_space]\n\t\t\t<!-- START Logos Neumaticos REVOLUTION SLIDER 6.1.2 --><p class=\"rs-p-wp-fix\"><\/p>\n\t\t\t<rs-module-wrap id=\"rev_slider_25_1_wrapper\" data-source=\"gallery\" style=\"background:transparent;padding:0;margin:0px auto;margin-top:0;margin-bottom:0;\">\n\t\t\t\t<rs-module id=\"rev_slider_25_1\" style=\"display:none;\" data-version=\"6.1.2\">\n\t\t\t\t\t<rs-slides>\n\t\t\t\t\t\t<rs-slide data-key=\"rs-64\" data-title=\"Slide\" data-anim=\"ei:d;eo:d;s:d;r:0;t:slideright;sl:d;\">\n\t\t\t\t\t\t\t<img src=\"\/\/compania-arrate.com.ar\/nueva\/wp-content\/plugins\/revslider\/public\/assets\/assets\/transparent.png\" title=\"Neum\u00e1ticos\" class=\"rev-slidebg\" data-no-retina>\n<!--\n\t\t\t\t\t\t\t--><rs-layer\n\t\t\t\t\t\t\t\tid=\"slider-25-slide-64-layer-3\" \n\t\t\t\t\t\t\t\tdata-type=\"image\"\n\t\t\t\t\t\t\t\tdata-rsp_ch=\"on\"\n\t\t\t\t\t\t\t\tdata-xy=\"x:614px;y:44px;\"\n\t\t\t\t\t\t\t\tdata-text=\"w:normal;\"\n\t\t\t\t\t\t\t\tdata-dim=\"w:155px;h:52px;\"\n\t\t\t\t\t\t\t\tdata-frame_999=\"o:0;st:w;\"\n\t\t\t\t\t\t\t\tstyle=\"z-index:5;font-family:Roboto;\"\n\t\t\t\t\t\t\t><img src=\"\/\/compania-arrate.com.ar\/nueva\/wp-content\/uploads\/2019\/11\/ohtsu.png\" width=\"300\" height=\"100\" data-no-retina> \n\t\t\t\t\t\t\t<\/rs-layer><!--\n\n\t\t\t\t\t\t\t--><rs-layer\n\t\t\t\t\t\t\t\tid=\"slider-25-slide-64-layer-7\" \n\t\t\t\t\t\t\t\tdata-type=\"image\"\n\t\t\t\t\t\t\t\tdata-rsp_ch=\"on\"\n\t\t\t\t\t\t\t\tdata-xy=\"x:268px;y:24px;\"\n\t\t\t\t\t\t\t\tdata-text=\"w:normal;\"\n\t\t\t\t\t\t\t\tdata-dim=\"w:299px;h:95px;\"\n\t\t\t\t\t\t\t\tdata-frame_999=\"o:0;st:w;\"\n\t\t\t\t\t\t\t\tstyle=\"z-index:5;font-family:Roboto;\"\n\t\t\t\t\t\t\t><img src=\"\/\/compania-arrate.com.ar\/nueva\/wp-content\/uploads\/2019\/11\/DUNLOP.png\" width=\"299\" height=\"95\" data-no-retina> \n\t\t\t\t\t\t\t<\/rs-layer><!--\n\n\t\t\t\t\t\t\t--><rs-layer\n\t\t\t\t\t\t\t\tid=\"slider-25-slide-64-layer-8\" \n\t\t\t\t\t\t\t\tdata-type=\"image\"\n\t\t\t\t\t\t\t\tdata-rsp_ch=\"on\"\n\t\t\t\t\t\t\t\tdata-xy=\"x:3px;y:18px;\"\n\t\t\t\t\t\t\t\tdata-text=\"w:normal;\"\n\t\t\t\t\t\t\t\tdata-dim=\"w:226px;h:125px;\"\n\t\t\t\t\t\t\t\tdata-frame_999=\"o:0;st:w;\"\n\t\t\t\t\t\t\t\tstyle=\"z-index:6;font-family:Roboto;\"\n\t\t\t\t\t\t\t><img src=\"\/\/compania-arrate.com.ar\/nueva\/wp-content\/uploads\/2019\/11\/Unknown-4.png\" width=\"301\" height=\"167\" data-no-retina> \n\t\t\t\t\t\t\t<\/rs-layer><!--\n-->\t\t\t\t\t\t<\/rs-slide>\n\t\t\t\t\t\t<rs-slide data-key=\"rs-63\" data-title=\"Slide\" data-anim=\"ei:d;eo:d;s:1000;r:0;t:fade;sl:0;\">\n\t\t\t\t\t\t\t<img src=\"\/\/compania-arrate.com.ar\/nueva\/wp-content\/plugins\/revslider\/public\/assets\/assets\/transparent.png\" title=\"Neum\u00e1ticos\" class=\"rev-slidebg\" data-no-retina>\n<!--\n\t\t\t\t\t\t\t--><rs-layer\n\t\t\t\t\t\t\t\tid=\"slider-25-slide-63-layer-4\" \n\t\t\t\t\t\t\t\tdata-type=\"image\"\n\t\t\t\t\t\t\t\tdata-rsp_ch=\"on\"\n\t\t\t\t\t\t\t\tdata-xy=\"x:421px;y:36px;\"\n\t\t\t\t\t\t\t\tdata-text=\"w:normal;\"\n\t\t\t\t\t\t\t\tdata-dim=\"w:334px;h:39px;\"\n\t\t\t\t\t\t\t\tdata-frame_999=\"o:0;st:w;\"\n\t\t\t\t\t\t\t\tstyle=\"z-index:9;font-family:Roboto;\"\n\t\t\t\t\t\t\t><img src=\"\/\/compania-arrate.com.ar\/nueva\/wp-content\/uploads\/2023\/05\/truper.png\" width=\"408\" height=\"48\" data-no-retina> \n\t\t\t\t\t\t\t<\/rs-layer><!--\n\n\t\t\t\t\t\t\t--><rs-layer\n\t\t\t\t\t\t\t\tid=\"slider-25-slide-63-layer-5\" \n\t\t\t\t\t\t\t\tdata-type=\"image\"\n\t\t\t\t\t\t\t\tdata-rsp_ch=\"on\"\n\t\t\t\t\t\t\t\tdata-xy=\"x:24px;y:29px;\"\n\t\t\t\t\t\t\t\tdata-text=\"w:normal;\"\n\t\t\t\t\t\t\t\tdata-dim=\"w:347px;h:56px;\"\n\t\t\t\t\t\t\t\tdata-frame_999=\"o:0;st:w;\"\n\t\t\t\t\t\t\t\tstyle=\"z-index:8;font-family:Roboto;\"\n\t\t\t\t\t\t\t><img src=\"\/\/compania-arrate.com.ar\/nueva\/wp-content\/uploads\/2023\/05\/logo3.png\" width=\"416\" height=\"67\" data-no-retina> \n\t\t\t\t\t\t\t<\/rs-layer><!--\n-->\t\t\t\t\t\t<\/rs-slide>\n\t\t\t\t\t<\/rs-slides>\n\t\t\t\t\t<rs-progress class=\"rs-bottom\" style=\"visibility: hidden !important;\"><\/rs-progress>\n\t\t\t\t<\/rs-module>\n\t\t\t\t<script type=\"text\/javascript\">\n\t\t\t\t\tsetREVStartSize({c: 'rev_slider_25_1',rl:[1240,1024,778,480],el:[150],gw:[800],gh:[150],layout:'fullwidth',mh:\"0\"});\n\t\t\t\t\tvar\trevapi25,\n\t\t\t\t\t\ttpj;\n\t\t\t\t\tjQuery(function() {\n\t\t\t\t\t\ttpj = jQuery;\n\t\t\t\t\t\tif(tpj(\"#rev_slider_25_1\").revolution == undefined){\n\t\t\t\t\t\t\trevslider_showDoubleJqueryError(\"#rev_slider_25_1\");\n\t\t\t\t\t\t}else{\n\t\t\t\t\t\t\trevapi25 = tpj(\"#rev_slider_25_1\").show().revolution({\n\t\t\t\t\t\t\t\tjsFileLocation:\"\/\/compania-arrate.com.ar\/nueva\/wp-content\/plugins\/revslider\/public\/assets\/js\/\",\n\t\t\t\t\t\t\t\tsliderLayout:\"fullwidth\",\n\t\t\t\t\t\t\t\tduration:\"2000ms\",\n\t\t\t\t\t\t\t\tvisibilityLevels:\"1240,1024,778,480\",\n\t\t\t\t\t\t\t\tgridwidth:800,\n\t\t\t\t\t\t\t\tgridheight:150,\n\t\t\t\t\t\t\t\tminHeight:\"\",\n\t\t\t\t\t\t\t\tspinner:\"spinner0\",\n\t\t\t\t\t\t\t\teditorheight:\"150,768,960,720\",\n\t\t\t\t\t\t\t\tresponsiveLevels:\"1240,1024,778,480\",\n\t\t\t\t\t\t\t\tdisableProgressBar:\"on\",\n\t\t\t\t\t\t\t\tnavigation: {\n\t\t\t\t\t\t\t\t\tonHoverStop:false\n\t\t\t\t\t\t\t\t},\n\t\t\t\t\t\t\t\tfallbacks: {\n\t\t\t\t\t\t\t\t\tallowHTML5AutoPlayOnAndroid:true\n\t\t\t\t\t\t\t\t},\n\t\t\t\t\t\t\t});\n\t\t\t\t\t\t}\n\t\t\t\t\t\t\n\t\t\t\t\t});\n\t\t\t\t<\/script>\n\t\t\t<\/rs-module-wrap>\n\t\t\t<!-- END REVOLUTION SLIDER -->\n[vc_empty_space][\/vc_column][\/vc_row]<\/p>\n","protected":false},"excerpt":{"rendered":"<p>[vc_row css_animation=&#8221;&#8221; row_type=&#8221;row&#8221; use_row_as_full_screen_section=&#8221;no&#8221; type=&#8221;full_width&#8221; angled_section=&#8221;no&#8221; text_align=&#8221;left&#8221; background_image_as_pattern=&#8221;without_pattern&#8221;][vc_column][vc_empty_space height=&#8221;50px&#8221;][\/vc_column][\/vc_row][vc_row css_animation=&#8221;&#8221; row_type=&#8221;row&#8221; use_row_as_full_screen_section=&#8221;no&#8221; type=&#8221;grid&#8221; angled_section=&#8221;no&#8221; text_align=&#8221;left&#8221; background_image_as_pattern=&#8221;without_pattern&#8221; z_index=&#8221;&#8221;][vc_column width=&#8221;1\/3&#8243;][vc_column_text css=&#8221;.vc_custom_1702901584089{padding-top: 10px !important;padding-right: 20px !important;padding-bottom: 10px !important;padding-left: 20px !important;background-color: #000000 !important;}&#8221;] CONTACTO [\/vc_column_text][vc_empty_space height=&#8221;14px&#8221;][\/vc_column][vc_column width=&#8221;1\/3&#8243;][vc_column_text css=&#8221;.vc_custom_1702901591346{padding-top: 10px !important;padding-right: 20px !important;padding-bottom: 10px !important;padding-left: 20px !important;background-color: #000000 !important;}&#8221;] NEUMATICOS&#8230;<\/p>\n","protected":false},"author":1,"featured_media":0,"parent":0,"menu_order":0,"comment_status":"open","ping_status":"open","template":"","meta":[],"_links":{"self":[{"href":"https:\/\/compania-arrate.com.ar\/nueva\/wp-json\/wp\/v2\/pages\/548"}],"collection":[{"href":"https:\/\/compania-arrate.com.ar\/nueva\/wp-json\/wp\/v2\/pages"}],"about":[{"href":"https:\/\/compania-arrate.com.ar\/nueva\/wp-json\/wp\/v2\/types\/page"}],"author":[{"embeddable":true,"href":"https:\/\/compania-arrate.com.ar\/nueva\/wp-json\/wp\/v2\/users\/1"}],"replies":[{"embeddable":true,"href":"https:\/\/compania-arrate.com.ar\/nueva\/wp-json\/wp\/v2\/comments?post=548"}],"version-history":[{"count":45,"href":"https:\/\/compania-arrate.com.ar\/nueva\/wp-json\/wp\/v2\/pages\/548\/revisions"}],"predecessor-version":[{"id":18669,"href":"https:\/\/compania-arrate.com.ar\/nueva\/wp-json\/wp\/v2\/pages\/548\/revisions\/18669"}],"wp:attachment":[{"href":"https:\/\/compania-arrate.com.ar\/nueva\/wp-json\/wp\/v2\/media?parent=548"}],"curies":[{"name":"wp","href":"https:\/\/api.w.org\/{rel}","templated":true}]}}